{"id":31590,"date":"2023-12-20T15:25:18","date_gmt":"2023-12-20T15:25:18","guid":{"rendered":"https:\/\/sscb-stembiotech.ch\/stammzellen\/"},"modified":"2025-11-04T08:52:15","modified_gmt":"2025-11-04T08:52:15","slug":"stammzellen","status":"publish","type":"page","link":"https:\/\/sscb-stembiotech.ch\/de\/stammzellen\/","title":{"rendered":"Stammzellen"},"content":{"rendered":"\t\t<div data-elementor-type=\"wp-page\" data-elementor-id=\"31590\" class=\"elementor elementor-31590 elementor-29573\" data-elementor-post-type=\"page\">\n\t\t\t\t<div class=\"elementor-element elementor-element-d34e465 e-flex e-con-boxed e-con e-parent\" data-id=\"d34e465\" data-element_type=\"container\" data-settings=\"{&quot;background_background&quot;:&quot;gradient&quot;,&quot;jet_parallax_layout_list&quot;:[]}\">\n\t\t\t\t\t<div class=\"e-con-inner\">\n\t\t\t\t<div class=\"elementor-element elementor-element-a932095 elementor-widget__width-initial elementor-hidden-desktop elementor-hidden-tablet elementor-hidden-mobile elementor-widget elementor-widget-heading\" data-id=\"a932095\" data-element_type=\"widget\" data-widget_type=\"heading.default\">\n\t\t\t\t<div class=\"elementor-widget-container\">\n\t\t\t<h1 class=\"elementor-heading-title elementor-size-default\">Stammzellen,<br>Informationen und Perspektiven.<\/h1>\t\t<\/div>\n\t\t\t\t<\/div>\n\t\t\t\t\t<\/div>\n\t\t\t\t<\/div>\n\t\t<div class=\"elementor-element elementor-element-71b814b e-flex e-con-boxed e-con e-parent\" data-id=\"71b814b\" data-element_type=\"container\" data-settings=\"{&quot;jet_parallax_layout_list&quot;:[]}\">\n\t\t\t\t\t<div class=\"e-con-inner\">\n\t\t<div class=\"elementor-element elementor-element-dee8a0b e-con-full e-flex e-con e-child\" data-id=\"dee8a0b\" data-element_type=\"container\" data-settings=\"{&quot;jet_parallax_layout_list&quot;:[]}\">\n\t\t\t\t<div class=\"elementor-element elementor-element-aa8ee00 elementor-widget elementor-widget-heading\" data-id=\"aa8ee00\" data-element_type=\"widget\" data-widget_type=\"heading.default\">\n\t\t\t\t<div class=\"elementor-widget-container\">\n\t\t\t<h2 class=\"elementor-heading-title elementor-size-default\">Was sind Stammzellen?<\/h2>\t\t<\/div>\n\t\t\t\t<\/div>\n\t\t\t\t<div class=\"elementor-element elementor-element-99c60fd elementor-widget elementor-widget-text-editor\" data-id=\"99c60fd\" data-element_type=\"widget\" data-widget_type=\"text-editor.default\">\n\t\t\t\t<div class=\"elementor-widget-container\">\n\t\t\t\t\t\t\t<p>Die <b>Stammzellen<\/b> sind einzigartige Zellen ihrer Art: Im Gegensatz zu den meisten Zellen unseres K\u00f6rpers haben sie noch keine endg\u00fcltige Funktion gew\u00e4hlt. Sie sind <b>undifferenzierte<\/b> Zellen (<i>d.h. nicht spezialisiert, ohne eine pr\u00e4zise Funktion<\/i>), die sich selbst erneuern k\u00f6nnen und vor allem \u00fcber eine au\u00dfergew\u00f6hnliche <b>differenzierende F\u00e4higkeit<\/b> verf\u00fcgen, die es ihnen erm\u00f6glicht, sich in reife und spezialisierte Zellen zu verwandeln.<\/p>\n<p>Diese Eigenschaften machen die Stammzellen zu einer \u00e4u\u00dferst wertvollen biologischen Ressource, die im Mittelpunkt vieler bereits etablierter Therapien und einer wachsenden Anzahl von Forschungen im Bereich der <b>regenerativen Medizin<\/b> steht.<\/p>\n\t\t\t\t\t\t<\/div>\n\t\t\t\t<\/div>\n\t\t\t\t<\/div>\n\t\t<div class=\"elementor-element elementor-element-8cb2395 e-con-full e-flex e-con e-child\" data-id=\"8cb2395\" data-element_type=\"container\" data-settings=\"{&quot;jet_parallax_layout_list&quot;:[]}\">\n\t\t\t\t<div class=\"elementor-element elementor-element-ae9cabe elementor-widget elementor-widget-image\" data-id=\"ae9cabe\" data-element_type=\"widget\" data-widget_type=\"image.default\">\n\t\t\t\t<div class=\"elementor-widget-container\">\n\t\t\t\t\t\t\t\t\t\t\t\t\t<img fetchpriority=\"high\" decoding=\"async\" width=\"800\" height=\"695\" src=\"https:\/\/sscb-stembiotech.ch\/wp-content\/uploads\/2025\/10\/stem-cells-1024x890.webp\" class=\"attachment-large size-large wp-image-38465\" alt=\"\" srcset=\"https:\/\/sscb-stembiotech.ch\/wp-content\/uploads\/2025\/10\/stem-cells-1024x890.webp 1024w, https:\/\/sscb-stembiotech.ch\/wp-content\/uploads\/2025\/10\/stem-cells-300x261.webp 300w, https:\/\/sscb-stembiotech.ch\/wp-content\/uploads\/2025\/10\/stem-cells-768x668.webp 768w, https:\/\/sscb-stembiotech.ch\/wp-content\/uploads\/2025\/10\/stem-cells-1536x1336.webp 1536w, https:\/\/sscb-stembiotech.ch\/wp-content\/uploads\/2025\/10\/stem-cells-600x522.webp 600w, https:\/\/sscb-stembiotech.ch\/wp-content\/uploads\/2025\/10\/stem-cells.webp 2000w\" sizes=\"(max-width: 800px) 100vw, 800px\" \/>\t\t\t\t\t\t\t\t\t\t\t\t\t<\/div>\n\t\t\t\t<\/div>\n\t\t\t\t<\/div>\n\t\t\t\t\t<\/div>\n\t\t\t\t<\/div>\n\t\t<div class=\"elementor-element elementor-element-d8decb9 e-flex e-con-boxed e-con e-parent\" data-id=\"d8decb9\" data-element_type=\"container\" data-settings=\"{&quot;jet_parallax_layout_list&quot;:[]}\">\n\t\t\t\t\t<div class=\"e-con-inner\">\n\t\t<div class=\"elementor-element elementor-element-055b302 e-con-full e-flex e-con e-child\" data-id=\"055b302\" data-element_type=\"container\" data-settings=\"{&quot;jet_parallax_layout_list&quot;:[]}\">\n\t\t\t\t<div class=\"elementor-element elementor-element-00e723b elementor-widget elementor-widget-text-editor\" data-id=\"00e723b\" data-element_type=\"widget\" data-widget_type=\"text-editor.default\">\n\t\t\t\t<div class=\"elementor-widget-container\">\n\t\t\t\t\t\t\t<h3><b>Die differentiative F\u00e4higkeit: die verschiedenen Grade der Vielseitigkeit<\/b><\/h3>\n<p>Der wahre Wert der Stammzellen liegt in ihrer <b>differentiativen F\u00e4higkeit<\/b>, das hei\u00dft in der M\u00f6glichkeit, sich in verschiedene Zelltypen zu verwandeln. Dieses Potenzial ist nicht f\u00fcr alle gleich: Einige haben unbegrenzte M\u00f6glichkeiten, andere hingegen sind bereits teilweise ausgerichtet.<\/p>\n\t\t\t\t\t\t<\/div>\n\t\t\t\t<\/div>\n\t\t\t\t<\/div>\n\t\t<div class=\"elementor-element elementor-element-4c40249 e-con-full e-flex e-con e-child\" data-id=\"4c40249\" data-element_type=\"container\" data-settings=\"{&quot;jet_parallax_layout_list&quot;:[]}\">\n\t\t\t\t<div class=\"elementor-element elementor-element-08d1bc8 elementor-widget elementor-widget-accordion\" data-id=\"08d1bc8\" data-element_type=\"widget\" data-widget_type=\"accordion.default\">\n\t\t\t\t<div class=\"elementor-widget-container\">\n\t\t\t\t\t<div class=\"elementor-accordion\">\n\t\t\t\t\t\t\t<div class=\"elementor-accordion-item\">\n\t\t\t\t\t<div id=\"elementor-tab-title-9241\" class=\"elementor-tab-title\" data-tab=\"1\" role=\"button\" aria-controls=\"elementor-tab-content-9241\" aria-expanded=\"false\">\n\t\t\t\t\t\t\t\t\t\t\t\t\t<span class=\"elementor-accordion-icon elementor-accordion-icon-left\" aria-hidden=\"true\">\n\t\t\t\t\t\t\t\t\t\t\t\t\t\t\t<span class=\"elementor-accordion-icon-closed\"><i class=\"fas fa-plus\"><\/i><\/span>\n\t\t\t\t\t\t\t\t<span class=\"elementor-accordion-icon-opened\"><i class=\"fas fa-minus\"><\/i><\/span>\n\t\t\t\t\t\t\t\t\t\t\t\t\t\t<\/span>\n\t\t\t\t\t\t\t\t\t\t\t\t<a class=\"elementor-accordion-title\" tabindex=\"0\">Totipotent<\/a>\n\t\t\t\t\t<\/div>\n\t\t\t\t\t<div id=\"elementor-tab-content-9241\" class=\"elementor-tab-content elementor-clearfix\" data-tab=\"1\" role=\"region\" aria-labelledby=\"elementor-tab-title-9241\"><p><span style=\"font-weight: 400;\">Das einzige Beispiel ist das <\/span><b>Zygote<\/b><span style=\"font-weight: 400;\">, die allererste Zelle, die nach der Befruchtung entsteht. Sie ist die einzige, die sowohl den gesamten Organismus als auch die extraembryonalen Anhangsgebilde wie die Plazenta hervorbringen kann.<\/span><\/p>\n<\/div>\n\t\t\t\t<\/div>\n\t\t\t\t\t\t\t<div class=\"elementor-accordion-item\">\n\t\t\t\t\t<div id=\"elementor-tab-title-9242\" class=\"elementor-tab-title\" data-tab=\"2\" role=\"button\" aria-controls=\"elementor-tab-content-9242\" aria-expanded=\"false\">\n\t\t\t\t\t\t\t\t\t\t\t\t\t<span class=\"elementor-accordion-icon elementor-accordion-icon-left\" aria-hidden=\"true\">\n\t\t\t\t\t\t\t\t\t\t\t\t\t\t\t<span class=\"elementor-accordion-icon-closed\"><i class=\"fas fa-plus\"><\/i><\/span>\n\t\t\t\t\t\t\t\t<span class=\"elementor-accordion-icon-opened\"><i class=\"fas fa-minus\"><\/i><\/span>\n\t\t\t\t\t\t\t\t\t\t\t\t\t\t<\/span>\n\t\t\t\t\t\t\t\t\t\t\t\t<a class=\"elementor-accordion-title\" tabindex=\"0\">Pluripotent<\/a>\n\t\t\t\t\t<\/div>\n\t\t\t\t\t<div id=\"elementor-tab-content-9242\" class=\"elementor-tab-content elementor-clearfix\" data-tab=\"2\" role=\"region\" aria-labelledby=\"elementor-tab-title-9242\"><p><span style=\"font-weight: 400;\">k\u00f6nnen alle Zelltypen der drei embryonalen Keimbl\u00e4tter (Endoderm, Mesoderm, Ektoderm) erzeugen, das hei\u00dft alle Gewebe und Organe des K\u00f6rpers, aber nicht die Plazenta. Zu dieser Kategorie geh\u00f6ren die <\/span><b>embryonalen Stammzellen<\/b><span style=\"font-weight: 400;\"> und die <\/span><b>induzierten pluripotenten Stammzellen (iPSC)<\/b><span style=\"font-weight: 400;\">, die im Labor durch Reprogrammierung von adulten Zellen gewonnen werden.<\/span><\/p>\n<\/div>\n\t\t\t\t<\/div>\n\t\t\t\t\t\t\t<div class=\"elementor-accordion-item\">\n\t\t\t\t\t<div id=\"elementor-tab-title-9243\" class=\"elementor-tab-title\" data-tab=\"3\" role=\"button\" aria-controls=\"elementor-tab-content-9243\" aria-expanded=\"false\">\n\t\t\t\t\t\t\t\t\t\t\t\t\t<span class=\"elementor-accordion-icon elementor-accordion-icon-left\" aria-hidden=\"true\">\n\t\t\t\t\t\t\t\t\t\t\t\t\t\t\t<span class=\"elementor-accordion-icon-closed\"><i class=\"fas fa-plus\"><\/i><\/span>\n\t\t\t\t\t\t\t\t<span class=\"elementor-accordion-icon-opened\"><i class=\"fas fa-minus\"><\/i><\/span>\n\t\t\t\t\t\t\t\t\t\t\t\t\t\t<\/span>\n\t\t\t\t\t\t\t\t\t\t\t\t<a class=\"elementor-accordion-title\" tabindex=\"0\">Multipotenti<\/a>\n\t\t\t\t\t<\/div>\n\t\t\t\t\t<div id=\"elementor-tab-content-9243\" class=\"elementor-tab-content elementor-clearfix\" data-tab=\"3\" role=\"region\" aria-labelledby=\"elementor-tab-title-9243\"><p><span style=\"font-weight: 400;\">haben ein engeres Spektrum und k\u00f6nnen sich nur in Zellen verwandeln, die zu derselben \u201eFamilie\u201c geh\u00f6ren. Ein Beispiel sind die <\/span><b>h\u00e4matopoetischen Stammzellen<\/b><span style=\"font-weight: 400;\">, die rote Blutk\u00f6rperchen, wei\u00dfe Blutk\u00f6rperchen und Blutpl\u00e4ttchen hervorbringen.<\/span><\/p>\n<\/div>\n\t\t\t\t<\/div>\n\t\t\t\t\t\t\t<div class=\"elementor-accordion-item\">\n\t\t\t\t\t<div id=\"elementor-tab-title-9244\" class=\"elementor-tab-title\" data-tab=\"4\" role=\"button\" aria-controls=\"elementor-tab-content-9244\" aria-expanded=\"false\">\n\t\t\t\t\t\t\t\t\t\t\t\t\t<span class=\"elementor-accordion-icon elementor-accordion-icon-left\" aria-hidden=\"true\">\n\t\t\t\t\t\t\t\t\t\t\t\t\t\t\t<span class=\"elementor-accordion-icon-closed\"><i class=\"fas fa-plus\"><\/i><\/span>\n\t\t\t\t\t\t\t\t<span class=\"elementor-accordion-icon-opened\"><i class=\"fas fa-minus\"><\/i><\/span>\n\t\t\t\t\t\t\t\t\t\t\t\t\t\t<\/span>\n\t\t\t\t\t\t\t\t\t\t\t\t<a class=\"elementor-accordion-title\" tabindex=\"0\">Oligopotenti<\/a>\n\t\t\t\t\t<\/div>\n\t\t\t\t\t<div id=\"elementor-tab-content-9244\" class=\"elementor-tab-content elementor-clearfix\" data-tab=\"4\" role=\"region\" aria-labelledby=\"elementor-tab-title-9244\"><p><span style=\"font-weight: 400;\">k\u00f6nnen nur wenige verwandte Zelltypen erzeugen.<\/span><\/p>\n<\/div>\n\t\t\t\t<\/div>\n\t\t\t\t\t\t\t<div class=\"elementor-accordion-item\">\n\t\t\t\t\t<div id=\"elementor-tab-title-9245\" class=\"elementor-tab-title\" data-tab=\"5\" role=\"button\" aria-controls=\"elementor-tab-content-9245\" aria-expanded=\"false\">\n\t\t\t\t\t\t\t\t\t\t\t\t\t<span class=\"elementor-accordion-icon elementor-accordion-icon-left\" aria-hidden=\"true\">\n\t\t\t\t\t\t\t\t\t\t\t\t\t\t\t<span class=\"elementor-accordion-icon-closed\"><i class=\"fas fa-plus\"><\/i><\/span>\n\t\t\t\t\t\t\t\t<span class=\"elementor-accordion-icon-opened\"><i class=\"fas fa-minus\"><\/i><\/span>\n\t\t\t\t\t\t\t\t\t\t\t\t\t\t<\/span>\n\t\t\t\t\t\t\t\t\t\t\t\t<a class=\"elementor-accordion-title\" tabindex=\"0\">Unipotenti<\/a>\n\t\t\t\t\t<\/div>\n\t\t\t\t\t<div id=\"elementor-tab-content-9245\" class=\"elementor-tab-content elementor-clearfix\" data-tab=\"5\" role=\"region\" aria-labelledby=\"elementor-tab-title-9245\"><p><span style=\"font-weight: 400;\">sie sind die spezialisiertesten: sie produzieren nur einen Zelltyp, w\u00e4hrend sie die F\u00e4higkeit zur Erneuerung beibehalten.<\/span><\/p>\n<\/div>\n\t\t\t\t<\/div>\n\t\t\t\t\t\t\t\t<\/div>\n\t\t\t\t<\/div>\n\t\t\t\t<\/div>\n\t\t\t\t<\/div>\n\t\t\t\t\t<\/div>\n\t\t\t\t<\/div>\n\t\t<div class=\"elementor-element elementor-element-366ea16 e-flex e-con-boxed elementor-invisible e-con e-parent\" data-id=\"366ea16\" data-element_type=\"container\" data-settings=\"{&quot;jet_parallax_layout_list&quot;:[],&quot;animation&quot;:&quot;fadeIn&quot;,&quot;background_background&quot;:&quot;classic&quot;}\">\n\t\t\t\t\t<div class=\"e-con-inner\">\n\t\t<div class=\"elementor-element elementor-element-5e86746 e-con-full e-flex e-con e-child\" data-id=\"5e86746\" data-element_type=\"container\" data-settings=\"{&quot;jet_parallax_layout_list&quot;:[]}\">\n\t\t\t\t<div class=\"elementor-element elementor-element-e9b4030 elementor-widget elementor-widget-image\" data-id=\"e9b4030\" data-element_type=\"widget\" data-widget_type=\"image.default\">\n\t\t\t\t<div class=\"elementor-widget-container\">\n\t\t\t\t\t\t\t\t\t\t\t\t\t<img decoding=\"async\" width=\"800\" height=\"712\" src=\"https:\/\/sscb-stembiotech.ch\/wp-content\/uploads\/2025\/10\/crioconservazione-1024x911.webp\" class=\"attachment-large size-large wp-image-38460\" alt=\"\" srcset=\"https:\/\/sscb-stembiotech.ch\/wp-content\/uploads\/2025\/10\/crioconservazione-1024x911.webp 1024w, https:\/\/sscb-stembiotech.ch\/wp-content\/uploads\/2025\/10\/crioconservazione-300x267.webp 300w, https:\/\/sscb-stembiotech.ch\/wp-content\/uploads\/2025\/10\/crioconservazione-768x684.webp 768w, https:\/\/sscb-stembiotech.ch\/wp-content\/uploads\/2025\/10\/crioconservazione-1536x1367.webp 1536w, https:\/\/sscb-stembiotech.ch\/wp-content\/uploads\/2025\/10\/crioconservazione-600x534.webp 600w, https:\/\/sscb-stembiotech.ch\/wp-content\/uploads\/2025\/10\/crioconservazione.webp 2000w\" sizes=\"(max-width: 800px) 100vw, 800px\" \/>\t\t\t\t\t\t\t\t\t\t\t\t\t<\/div>\n\t\t\t\t<\/div>\n\t\t\t\t<\/div>\n\t\t<div class=\"elementor-element elementor-element-18ecf75 e-con-full e-flex e-con e-child\" data-id=\"18ecf75\" data-element_type=\"container\" data-settings=\"{&quot;jet_parallax_layout_list&quot;:[]}\">\n\t\t\t\t<div class=\"elementor-element elementor-element-e8bd563 elementor-widget elementor-widget-heading\" data-id=\"e8bd563\" data-element_type=\"widget\" data-widget_type=\"heading.default\">\n\t\t\t\t<div class=\"elementor-widget-container\">\n\t\t\t<h2 class=\"elementor-heading-title elementor-size-default\">Vielf\u00e4ltige Urspr\u00fcnge, <br>eine einzige lebenswichtige Funktion<\/h2>\t\t<\/div>\n\t\t\t\t<\/div>\n\t\t\t\t<div class=\"elementor-element elementor-element-56c2ed4 elementor-widget elementor-widget-text-editor\" data-id=\"56c2ed4\" data-element_type=\"widget\" data-widget_type=\"text-editor.default\">\n\t\t\t\t<div class=\"elementor-widget-container\">\n\t\t\t\t\t\t\t<p>Neben der Klassifizierung nach differenzierender F\u00e4higkeit unterscheiden sich Stammzellen auch nach ihrer <b>biologischen Herkunft<\/b>.<\/p>\n<p><b>Embryonale Stammzellen (ESC)<\/b><span style=\"font-weight: 400;\"> \u2013 abgeleitet von der inneren Zellmasse der Blastozyste (5\u20137 Tage nach der Befruchtung), sind sie pluripotent. Sie werden aus ethischen und regulatorischen Gr\u00fcnden nicht in der klinischen Praxis verwendet.<\/span><\/p>\n<p><b>Perinatale Stammzellen<\/b><span style=\"font-weight: 400;\"> \u2013 werden aus dem <\/span><b>Nabelschnur<\/b><span style=\"font-weight: 400;\"> und der <\/span><b>Plazenta<\/b><span style=\"font-weight: 400;\"> unmittelbar nach der Geburt entnommen. Sie sind eine einmalige Ressource, die nur einmal im Leben verf\u00fcgbar ist, und werden bereits heute in der Transplantation von h\u00e4matopoetischen Zellen und in zahlreichen klinischen Studien eingesetzt.<\/span><\/p>\n<p><b>Erwachsene Stammzellen<\/b><span style=\"font-weight: 400;\"> \u2013 kommen in verschiedenen Geweben des K\u00f6rpers vor (z. B. Knochenmark, peripheres Blut, Fettgewebe). Sie sind weniger vielseitig als embryonale Stammzellen, aber entscheidend f\u00fcr die t\u00e4gliche Regeneration von Geweben.<\/span><\/p>\n<p><b>Induzierte pluripotente Stammzellen (iPSC)<\/b><span style=\"font-weight: 400;\"> \u2013 entdeckt 2006 von dem Nobelpreistr\u00e4ger Shinya Yamanaka, stammen sie aus der Reprogrammierung von adulten Zellen (z. B. periphere Blutlymphozyten, PBMC). Sie stehen heute im Mittelpunkt einer wissenschaftlichen Revolution, da sie die Gewinnung von pluripotenten Zellen ohne den Einsatz von Embryonen erm\u00f6glichen, mit Anwendungen in der Forschung, Pharmakologie und personalisierten Medizin.<\/span><\/p>\n\t\t\t\t\t\t<\/div>\n\t\t\t\t<\/div>\n\t\t\t\t<\/div>\n\t\t\t\t\t<\/div>\n\t\t\t\t<\/div>\n\t\t<div class=\"elementor-element elementor-element-bc3d388 e-flex e-con-boxed e-con e-parent\" data-id=\"bc3d388\" data-element_type=\"container\" data-settings=\"{&quot;jet_parallax_layout_list&quot;:[]}\">\n\t\t\t\t\t<div class=\"e-con-inner\">\n\t\t<div class=\"elementor-element elementor-element-99712f1 e-con-full e-flex e-con e-child\" data-id=\"99712f1\" data-element_type=\"container\" data-settings=\"{&quot;jet_parallax_layout_list&quot;:[]}\">\n\t\t\t\t<div class=\"elementor-element elementor-element-2c7f901 elementor-widget elementor-widget-heading\" data-id=\"2c7f901\" data-element_type=\"widget\" data-widget_type=\"heading.default\">\n\t\t\t\t<div class=\"elementor-widget-container\">\n\t\t\t<h2 class=\"elementor-heading-title elementor-size-default\">Warum sind sie so wichtig?<\/h2>\t\t<\/div>\n\t\t\t\t<\/div>\n\t\t\t\t<div class=\"elementor-element elementor-element-a38fbc2 elementor-widget elementor-widget-text-editor\" data-id=\"a38fbc2\" data-element_type=\"widget\" data-widget_type=\"text-editor.default\">\n\t\t\t\t<div class=\"elementor-widget-container\">\n\t\t\t\t\t\t\t<p>Stammzellen sind nicht nur ein biologisches Konzept: Sie stellen bereits heute eine <strong>konkrete klinische Ressource<\/strong> dar.<\/p>\n<p><strong>Heute<\/strong>: Mehr als 80 Erkrankungen des Blutes und des Immunsystems (Leuk\u00e4mien, Lymphome, Thalass\u00e4mie, angeborene Immundefekte) k\u00f6nnen mit Transplantationen von h\u00e4matopoetischen Stammzellen behandelt werden, die aus dem Knochenmark oder dem Nabelschnurblut stammen.<\/p>\n<p><strong>Morgen<\/strong>: Die Forschung er\u00f6ffnet neue Grenzen in der <strong>Kardiologie<\/strong> (Reparatur des Herzmuskels nach einem Herzinfarkt), <strong>Neurologie<\/strong> (Schlaganfall, Parkinson, neurodegenerative Erkrankungen), <strong>Onkologie<\/strong>, <strong>Orthop\u00e4die<\/strong>, <strong>autoimmunen und metabolischen Erkrankungen<\/strong>. Es handelt sich nicht um bereits verf\u00fcgbare Therapien, aber die laufenden klinischen Studien zeigen ein immer konkreteres Potenzial.<\/p>\n<p>Die heutigen Stammzellen zu konservieren bedeutet, ein biologisches Kapital zu bewahren, das sich als entscheidend f\u00fcr die zuk\u00fcnftige Gesundheit des Kindes und in einigen F\u00e4llen auch f\u00fcr kompatible Familienmitglieder erweisen k\u00f6nnte.<\/p>\n\t\t\t\t\t\t<\/div>\n\t\t\t\t<\/div>\n\t\t\t\t<\/div>\n\t\t<div class=\"elementor-element elementor-element-186dab2 e-con-full e-flex e-con e-child\" data-id=\"186dab2\" data-element_type=\"container\" data-settings=\"{&quot;jet_parallax_layout_list&quot;:[]}\">\n\t\t\t\t<div class=\"elementor-element elementor-element-61795bb elementor-widget elementor-widget-image\" data-id=\"61795bb\" data-element_type=\"widget\" data-widget_type=\"image.default\">\n\t\t\t\t<div class=\"elementor-widget-container\">\n\t\t\t\t\t\t\t\t\t\t\t\t\t<img decoding=\"async\" width=\"800\" height=\"771\" src=\"https:\/\/sscb-stembiotech.ch\/wp-content\/uploads\/2025\/10\/lab-02-1024x987.webp\" class=\"attachment-large size-large wp-image-38471\" alt=\"\" srcset=\"https:\/\/sscb-stembiotech.ch\/wp-content\/uploads\/2025\/10\/lab-02-1024x987.webp 1024w, https:\/\/sscb-stembiotech.ch\/wp-content\/uploads\/2025\/10\/lab-02-300x289.webp 300w, https:\/\/sscb-stembiotech.ch\/wp-content\/uploads\/2025\/10\/lab-02-768x740.webp 768w, https:\/\/sscb-stembiotech.ch\/wp-content\/uploads\/2025\/10\/lab-02-1536x1480.webp 1536w, https:\/\/sscb-stembiotech.ch\/wp-content\/uploads\/2025\/10\/lab-02-600x578.webp 600w, https:\/\/sscb-stembiotech.ch\/wp-content\/uploads\/2025\/10\/lab-02.webp 2000w\" sizes=\"(max-width: 800px) 100vw, 800px\" \/>\t\t\t\t\t\t\t\t\t\t\t\t\t<\/div>\n\t\t\t\t<\/div>\n\t\t\t\t<\/div>\n\t\t\t\t\t<\/div>\n\t\t\t\t<\/div>\n\t\t<div class=\"elementor-element elementor-element-9ab4727 e-flex e-con-boxed e-con e-parent\" data-id=\"9ab4727\" data-element_type=\"container\" data-settings=\"{&quot;jet_parallax_layout_list&quot;:[],&quot;background_background&quot;:&quot;classic&quot;}\">\n\t\t\t\t\t<div class=\"e-con-inner\">\n\t\t\t\t<div class=\"elementor-element elementor-element-a29b875 elementor-widget elementor-widget-heading\" data-id=\"a29b875\" data-element_type=\"widget\" data-widget_type=\"heading.default\">\n\t\t\t\t<div class=\"elementor-widget-container\">\n\t\t\t<h2 class=\"elementor-heading-title elementor-size-default\">Innovation und Technologie seit 2005 <\/h2>\t\t<\/div>\n\t\t\t\t<\/div>\n\t\t\t\t<div class=\"elementor-element elementor-element-da3688e elementor-widget elementor-widget-text-editor\" data-id=\"da3688e\" data-element_type=\"widget\" data-widget_type=\"text-editor.default\">\n\t\t\t\t<div class=\"elementor-widget-container\">\n\t\t\t\t\t\t\t<p>Dank zertifizierter und sicherer Prozesse bieten wir Dienstleistungen von hoher Qualit\u00e4t, die den h\u00f6chsten Standards der Biotech-Branche entsprechen.<\/p>\n\t\t\t\t\t\t<\/div>\n\t\t\t\t<\/div>\n\t\t\t\t<div class=\"elementor-element elementor-element-487e42f elementor-mobile-align-justify elementor-align-center elementor-widget elementor-widget-button\" data-id=\"487e42f\" data-element_type=\"widget\" data-widget_type=\"button.default\">\n\t\t\t\t<div class=\"elementor-widget-container\">\n\t\t\t\t\t<div class=\"elementor-button-wrapper\">\n\t\t\t<a class=\"elementor-button elementor-button-link elementor-size-sm elementor-animation-float\" href=\"https:\/\/sscb-stembiotech.ch\/de\/dienstleistungen\/\">\n\t\t\t\t\t\t<span class=\"elementor-button-content-wrapper\">\n\t\t\t\t\t\t\t\t\t<span class=\"elementor-button-text\">Alle Dienstleistungen entdecken<\/span>\n\t\t\t\t\t<\/span>\n\t\t\t\t\t<\/a>\n\t\t<\/div>\n\t\t\t\t<\/div>\n\t\t\t\t<\/div>\n\t\t\t\t\t<\/div>\n\t\t\t\t<\/div>\n\t\t\t\t<\/div>\n\t\t","protected":false},"excerpt":{"rendered":"<p>Stammzellen,Informationen und Perspektiven. Was sind Stammzellen? Die Stammzellen sind einzigartige Zellen ihrer Art: Im Gegensatz zu den meisten Zellen unseres K\u00f6rpers haben sie noch keine endg\u00fcltige Funktion gew\u00e4hlt. Sie sind undifferenzierte Zellen (d.h. nicht spezialisiert, ohne eine pr\u00e4zise Funktion), die sich selbst erneuern k\u00f6nnen und vor allem \u00fcber eine au\u00dfergew\u00f6hnliche differenzierende F\u00e4higkeit verf\u00fcgen, die es [&hellip;]<\/p>\n","protected":false},"author":13,"featured_media":0,"parent":0,"menu_order":0,"comment_status":"closed","ping_status":"closed","template":"","meta":{"rank_math_lock_modified_date":false,"footnotes":""},"class_list":["post-31590","page","type-page","status-publish","hentry"],"_links":{"self":[{"href":"https:\/\/sscb-stembiotech.ch\/de\/wp-json\/wp\/v2\/pages\/31590"}],"collection":[{"href":"https:\/\/sscb-stembiotech.ch\/de\/wp-json\/wp\/v2\/pages"}],"about":[{"href":"https:\/\/sscb-stembiotech.ch\/de\/wp-json\/wp\/v2\/types\/page"}],"author":[{"embeddable":true,"href":"https:\/\/sscb-stembiotech.ch\/de\/wp-json\/wp\/v2\/users\/13"}],"replies":[{"embeddable":true,"href":"https:\/\/sscb-stembiotech.ch\/de\/wp-json\/wp\/v2\/comments?post=31590"}],"version-history":[{"count":2,"href":"https:\/\/sscb-stembiotech.ch\/de\/wp-json\/wp\/v2\/pages\/31590\/revisions"}],"predecessor-version":[{"id":39092,"href":"https:\/\/sscb-stembiotech.ch\/de\/wp-json\/wp\/v2\/pages\/31590\/revisions\/39092"}],"wp:attachment":[{"href":"https:\/\/sscb-stembiotech.ch\/de\/wp-json\/wp\/v2\/media?parent=31590"}],"curies":[{"name":"wp","href":"https:\/\/api.w.org\/{rel}","templated":true}]}}