{"id":31667,"date":"2024-01-20T07:59:51","date_gmt":"2024-01-20T07:59:51","guid":{"rendered":"https:\/\/sscb-stembiotech.ch\/beratung\/"},"modified":"2024-03-11T13:33:17","modified_gmt":"2024-03-11T13:33:17","slug":"beratung","status":"publish","type":"page","link":"https:\/\/sscb-stembiotech.ch\/de\/beratung\/","title":{"rendered":"Beratung"},"content":{"rendered":"\t\t<div data-elementor-type=\"wp-page\" data-elementor-id=\"31667\" class=\"elementor elementor-31667 elementor-31159\" data-elementor-post-type=\"page\">\n\t\t\t\t<div class=\"elementor-element elementor-element-274b782 e-flex e-con-boxed e-con e-parent\" data-id=\"274b782\" data-element_type=\"container\" data-settings=\"{&quot;background_background&quot;:&quot;gradient&quot;,&quot;jet_parallax_layout_list&quot;:[]}\">\n\t\t\t\t\t<div class=\"e-con-inner\">\n\t\t\t\t<div class=\"elementor-element elementor-element-315692c elementor-widget__width-initial elementor-widget elementor-widget-heading\" data-id=\"315692c\" data-element_type=\"widget\" data-widget_type=\"heading.default\">\n\t\t\t\t<div class=\"elementor-widget-container\">\n\t\t\t<h1 class=\"elementor-heading-title elementor-size-default\">SSCB-Dienste,<br>Spezialisierte Beratung.<\/h1>\t\t<\/div>\n\t\t\t\t<\/div>\n\t\t\t\t\t<\/div>\n\t\t\t\t<\/div>\n\t\t<div class=\"elementor-element elementor-element-a54e74b e-flex e-con-boxed e-con e-parent\" data-id=\"a54e74b\" data-element_type=\"container\" data-settings=\"{&quot;jet_parallax_layout_list&quot;:[]}\">\n\t\t\t\t\t<div class=\"e-con-inner\">\n\t\t<div class=\"elementor-element elementor-element-58ce297 e-con-full e-flex e-con e-child\" data-id=\"58ce297\" data-element_type=\"container\" data-settings=\"{&quot;jet_parallax_layout_list&quot;:[]}\">\n\t\t\t\t<div class=\"elementor-element elementor-element-5943574 elementor-widget elementor-widget-image\" data-id=\"5943574\" data-element_type=\"widget\" data-widget_type=\"image.default\">\n\t\t\t\t<div class=\"elementor-widget-container\">\n\t\t\t\t\t\t\t\t\t\t\t\t\t<img fetchpriority=\"high\" decoding=\"async\" width=\"800\" height=\"800\" src=\"https:\/\/sscb-stembiotech.ch\/wp-content\/uploads\/2024\/01\/medical-scientist-working-with-dna-1024x1024.webp\" class=\"attachment-large size-large wp-image-30817\" alt=\"\" srcset=\"https:\/\/sscb-stembiotech.ch\/wp-content\/uploads\/2024\/01\/medical-scientist-working-with-dna-1024x1024.webp 1024w, https:\/\/sscb-stembiotech.ch\/wp-content\/uploads\/2024\/01\/medical-scientist-working-with-dna-300x300.webp 300w, https:\/\/sscb-stembiotech.ch\/wp-content\/uploads\/2024\/01\/medical-scientist-working-with-dna-150x150.webp 150w, https:\/\/sscb-stembiotech.ch\/wp-content\/uploads\/2024\/01\/medical-scientist-working-with-dna-768x768.webp 768w, https:\/\/sscb-stembiotech.ch\/wp-content\/uploads\/2024\/01\/medical-scientist-working-with-dna-700x700.webp 700w, https:\/\/sscb-stembiotech.ch\/wp-content\/uploads\/2024\/01\/medical-scientist-working-with-dna-600x600.webp 600w, https:\/\/sscb-stembiotech.ch\/wp-content\/uploads\/2024\/01\/medical-scientist-working-with-dna-100x100.webp 100w, https:\/\/sscb-stembiotech.ch\/wp-content\/uploads\/2024\/01\/medical-scientist-working-with-dna.webp 1200w\" sizes=\"(max-width: 800px) 100vw, 800px\" \/>\t\t\t\t\t\t\t\t\t\t\t\t\t<\/div>\n\t\t\t\t<\/div>\n\t\t\t\t<\/div>\n\t\t<div class=\"elementor-element elementor-element-3b5d9c7 e-con-full e-flex e-con e-child\" data-id=\"3b5d9c7\" data-element_type=\"container\" data-settings=\"{&quot;jet_parallax_layout_list&quot;:[]}\">\n\t\t\t\t<div class=\"elementor-element elementor-element-7e3cd25 elementor-widget elementor-widget-text-editor\" data-id=\"7e3cd25\" data-element_type=\"widget\" data-widget_type=\"text-editor.default\">\n\t\t\t\t<div class=\"elementor-widget-container\">\n\t\t\t\t\t\t\t<p>SSCB bietet seinen Partnern und Unternehmen ein breites Spektrum an spezialisierten Dienstleistungen.<\/p>\n\t\t\t\t\t\t<\/div>\n\t\t\t\t<\/div>\n\t\t\t\t<div class=\"elementor-element elementor-element-ce953a6 elementor-widget elementor-widget-heading\" data-id=\"ce953a6\" data-element_type=\"widget\" data-widget_type=\"heading.default\">\n\t\t\t\t<div class=\"elementor-widget-container\">\n\t\t\t<h3 class=\"elementor-heading-title elementor-size-default\">Dienstleistungen f\u00fcr B2B-Partner<\/h3>\t\t<\/div>\n\t\t\t\t<\/div>\n\t\t\t\t<div class=\"elementor-element elementor-element-4f441d8 elementor-widget elementor-widget-text-editor\" data-id=\"4f441d8\" data-element_type=\"widget\" data-widget_type=\"text-editor.default\">\n\t\t\t\t<div class=\"elementor-widget-container\">\n\t\t\t\t\t\t\t<ul>\n<li>Konservierung von biologischem Material im Auftrag Dritter<\/li>\n<li>Durchf\u00fchrung mikrobiologischer Tests und Endotoxinanalysen an Endproben<\/li>\n<li>Zytometrische Analyse der Zellz\u00e4hlung und -erkennung<\/li>\n<li>Analyse der Zellzahl und -vitalit\u00e4t<\/li>\n<li>\u00dcberpr\u00fcfung der Dosierung von Lipoaspiratproben<\/li>\n<\/ul>\n\t\t\t\t\t\t<\/div>\n\t\t\t\t<\/div>\n\t\t\t\t<div class=\"elementor-element elementor-element-b186e26 elementor-widget elementor-widget-heading\" data-id=\"b186e26\" data-element_type=\"widget\" data-widget_type=\"heading.default\">\n\t\t\t\t<div class=\"elementor-widget-container\">\n\t\t\t<h3 class=\"elementor-heading-title elementor-size-default\">Beratungsdienste<\/h3>\t\t<\/div>\n\t\t\t\t<\/div>\n\t\t\t\t<div class=\"elementor-element elementor-element-38b20b8 elementor-widget elementor-widget-text-editor\" data-id=\"38b20b8\" data-element_type=\"widget\" data-widget_type=\"text-editor.default\">\n\t\t\t\t<div class=\"elementor-widget-container\">\n\t\t\t\t\t\t\t<ul>\n<li>Beratung in GMP, GDP und FACT Netcord-Richtlinien<\/li>\n<li>Beratung zur Herstellung von ATMP (Advanced Therapy Medicinal Products) in einer aseptischen Umgebung<\/li>\n<li>Risikobewertung im Zusammenhang mit der Herstellung von ATMP<\/li>\n<li>Beratung zu IMPD (Investigational Medicinal Product Dossier) im Zusammenhang mit der Herstellung von ATMP<\/li>\n<li>Weitere Beratungsdienstleistungen im Zusammenhang mit Biobanken und Qualit\u00e4tskontrolllaboren<\/li>\n<li>Bewertung pr\u00e4klinischer Protokolle im Bereich der ATMP<\/li>\n<li>Ausbildung externen Personals<\/li>\n<\/ul>\n\t\t\t\t\t\t<\/div>\n\t\t\t\t<\/div>\n\t\t\t\t<div class=\"elementor-element elementor-element-09b97dc elementor-widget elementor-widget-heading\" data-id=\"09b97dc\" data-element_type=\"widget\" data-widget_type=\"heading.default\">\n\t\t\t\t<div class=\"elementor-widget-container\">\n\t\t\t<h3 class=\"elementor-heading-title elementor-size-default\">Auftragsfertigung (Produktion f\u00fcr Dritte:)<\/h3>\t\t<\/div>\n\t\t\t\t<\/div>\n\t\t\t\t<div class=\"elementor-element elementor-element-75eba03 elementor-widget elementor-widget-text-editor\" data-id=\"75eba03\" data-element_type=\"widget\" data-widget_type=\"text-editor.default\">\n\t\t\t\t<div class=\"elementor-widget-container\">\n\t\t\t\t\t\t\t<p>Beratung, Entwicklung, Validierung, Zulassung und Produktion sowie Lagerung in Stickstoffdampf von Produkten der Gewebeingenieurwissenschaft und fortgeschrittenen biologischen Produkten (Advanced Therapy Medicinal Products, ATMPs) im Auftrag Dritter: Der spezialisierte Auftragsfertigungsdienst, der Beratung, Entwicklung, Validierung, Zulassung und Produktion von Produkten der Gewebeingenieurwissenschaft und von fortgeschrittenen biologischen ATMPs sowie Kryokonservierung bietet, stellt ein entscheidendes Angebot f\u00fcr Einrichtungen und Unternehmen im biomedizinischen und biotechnologischen Sektor dar.<\/p>\n<p>Dieser Service bietet eine umfassende L\u00f6sung, die alle notwendigen Phasen abdeckt, um eine biotechnologische Konzeption von einer einfachen Idee zu einem fertigen, marktreifen Produkt zu transformieren. Indem wir diesen Service anbieten, k\u00f6nnen Unternehmen auf einen zuverl\u00e4ssigen Partner z\u00e4hlen, der den gesamten Entwicklungs- und Produktionsprozess \u00fcbernimmt, sodass Kunden sich auf Markstrategien und die Vermarktung der Produkte konzentrieren k\u00f6nnen.<\/p>\n<p>Dieser kooperative Ansatz stellt sicher, dass spezifische biologische Produkte effektiv und rechtzeitig den Markt erreichen und die Bed\u00fcrfnisse von Kunden und Fachleuten im Bereich erf\u00fcllen.<\/p>\n\t\t\t\t\t\t<\/div>\n\t\t\t\t<\/div>\n\t\t\t\t<\/div>\n\t\t\t\t\t<\/div>\n\t\t\t\t<\/div>\n\t\t\t\t<\/div>\n\t\t","protected":false},"excerpt":{"rendered":"<p>SSCB-Dienste,Spezialisierte Beratung. SSCB bietet seinen Partnern und Unternehmen ein breites Spektrum an spezialisierten Dienstleistungen. Dienstleistungen f\u00fcr B2B-Partner Konservierung von biologischem Material im Auftrag Dritter Durchf\u00fchrung mikrobiologischer Tests und Endotoxinanalysen an Endproben Zytometrische Analyse der Zellz\u00e4hlung und -erkennung Analyse der Zellzahl und -vitalit\u00e4t \u00dcberpr\u00fcfung der Dosierung von Lipoaspiratproben Beratungsdienste Beratung in GMP, GDP und FACT Netcord-Richtlinien [&hellip;]<\/p>\n","protected":false},"author":13,"featured_media":0,"parent":0,"menu_order":0,"comment_status":"closed","ping_status":"closed","template":"","meta":{"rank_math_lock_modified_date":false,"footnotes":""},"class_list":["post-31667","page","type-page","status-publish","hentry"],"_links":{"self":[{"href":"https:\/\/sscb-stembiotech.ch\/de\/wp-json\/wp\/v2\/pages\/31667"}],"collection":[{"href":"https:\/\/sscb-stembiotech.ch\/de\/wp-json\/wp\/v2\/pages"}],"about":[{"href":"https:\/\/sscb-stembiotech.ch\/de\/wp-json\/wp\/v2\/types\/page"}],"author":[{"embeddable":true,"href":"https:\/\/sscb-stembiotech.ch\/de\/wp-json\/wp\/v2\/users\/13"}],"replies":[{"embeddable":true,"href":"https:\/\/sscb-stembiotech.ch\/de\/wp-json\/wp\/v2\/comments?post=31667"}],"version-history":[{"count":0,"href":"https:\/\/sscb-stembiotech.ch\/de\/wp-json\/wp\/v2\/pages\/31667\/revisions"}],"wp:attachment":[{"href":"https:\/\/sscb-stembiotech.ch\/de\/wp-json\/wp\/v2\/media?parent=31667"}],"curies":[{"name":"wp","href":"https:\/\/api.w.org\/{rel}","templated":true}]}}