{"id":18946,"date":"2022-06-17T08:53:31","date_gmt":"2022-06-17T08:53:31","guid":{"rendered":"https:\/\/swiss-stem-cells-science.ch\/product\/mybabycells-complete-25-years-blood-and-tissue\/"},"modified":"2025-02-11T11:31:01","modified_gmt":"2025-02-11T11:31:01","slug":"mybabycells-complete","status":"publish","type":"product","link":"https:\/\/sscb-stembiotech.ch\/de\/produkt\/mybabycells-complete\/","title":{"rendered":"Complete"},"content":{"rendered":"","protected":false},"excerpt":{"rendered":"<p>MyBabyCells Complete ist ein Dienst zur Kryokonservierung von Nabelschnurstammzellen f\u00fcr <strong>25 Jahre und bietet eine zuk\u00fcnftige therapeutische Option f\u00fcr das Kind und die Familie<\/strong>.<\/p>\n<p>Der Prozess, durchgef\u00fchrt von Experten mit fortschrittlicher und zertifizierter Technologie, umfasst die Verarbeitung und sichere Lagerung von Nabelschnurblut-Stammzellen und Nabelschnurgewebe. Es ist eine proaktive Wahl f\u00fcr langfristige Gesundheit.<\/p>\n","protected":false},"featured_media":32104,"template":"","meta":{"rank_math_lock_modified_date":false},"product_cat":[78],"product_tag":[],"class_list":{"0":"post-18946","1":"product","2":"type-product","3":"status-publish","4":"has-post-thumbnail","6":"product_cat-mybabycells-single-de","7":"tm-has-options","9":"first","10":"instock","11":"shipping-taxable","12":"purchasable","13":"product-type-simple"},"_links":{"self":[{"href":"https:\/\/sscb-stembiotech.ch\/de\/wp-json\/wp\/v2\/product\/18946"}],"collection":[{"href":"https:\/\/sscb-stembiotech.ch\/de\/wp-json\/wp\/v2\/product"}],"about":[{"href":"https:\/\/sscb-stembiotech.ch\/de\/wp-json\/wp\/v2\/types\/product"}],"wp:featuredmedia":[{"embeddable":true,"href":"https:\/\/sscb-stembiotech.ch\/de\/wp-json\/wp\/v2\/media\/32104"}],"wp:attachment":[{"href":"https:\/\/sscb-stembiotech.ch\/de\/wp-json\/wp\/v2\/media?parent=18946"}],"wp:term":[{"taxonomy":"product_cat","embeddable":true,"href":"https:\/\/sscb-stembiotech.ch\/de\/wp-json\/wp\/v2\/product_cat?post=18946"},{"taxonomy":"product_tag","embeddable":true,"href":"https:\/\/sscb-stembiotech.ch\/de\/wp-json\/wp\/v2\/product_tag?post=18946"}],"curies":[{"name":"wp","href":"https:\/\/api.w.org\/{rel}","templated":true}]}}