{"id":18961,"date":"2022-06-17T08:57:22","date_gmt":"2022-06-17T08:57:22","guid":{"rendered":"https:\/\/swiss-stem-cells-science.ch\/product\/mybabycells-basic-twins-25-years-blood-or-tissue\/"},"modified":"2024-11-19T14:09:55","modified_gmt":"2024-11-19T14:09:55","slug":"mybabycells-basic-zwillinge","status":"publish","type":"product","link":"https:\/\/sscb-stembiotech.ch\/de\/produkt\/mybabycells-basic-zwillinge\/","title":{"rendered":"Basic Zwillinge"},"content":{"rendered":"","protected":false},"excerpt":{"rendered":"<p>MyBabyCells Basic ist ein Dienst zur Kryokonservierung von Nabelschnurstammzellen f\u00fcr <strong>25 Jahre und bietet eine zuk\u00fcnftige therapeutische Option f\u00fcr das Kind und die Familie<\/strong>.<\/p>\n<p>Der Prozess, durchgef\u00fchrt von Experten mit fortschrittlicher und zertifizierter Technologie, umfasst die Verarbeitung und sichere Lagerung von Nabelschnurblut-Stammzellen oder Nabelschnurgewebe. Es ist eine proaktive Wahl f\u00fcr langfristige Gesundheit.<\/p>\n","protected":false},"featured_media":32108,"template":"","meta":{"rank_math_lock_modified_date":false},"product_cat":[93],"product_tag":[],"class_list":{"0":"post-18961","1":"product","2":"type-product","3":"status-publish","4":"has-post-thumbnail","6":"product_cat-mybabycells-twins-de","7":"tm-has-options","9":"first","10":"instock","11":"shipping-taxable","12":"purchasable","13":"product-type-variable"},"_links":{"self":[{"href":"https:\/\/sscb-stembiotech.ch\/de\/wp-json\/wp\/v2\/product\/18961"}],"collection":[{"href":"https:\/\/sscb-stembiotech.ch\/de\/wp-json\/wp\/v2\/product"}],"about":[{"href":"https:\/\/sscb-stembiotech.ch\/de\/wp-json\/wp\/v2\/types\/product"}],"wp:featuredmedia":[{"embeddable":true,"href":"https:\/\/sscb-stembiotech.ch\/de\/wp-json\/wp\/v2\/media\/32108"}],"wp:attachment":[{"href":"https:\/\/sscb-stembiotech.ch\/de\/wp-json\/wp\/v2\/media?parent=18961"}],"wp:term":[{"taxonomy":"product_cat","embeddable":true,"href":"https:\/\/sscb-stembiotech.ch\/de\/wp-json\/wp\/v2\/product_cat?post=18961"},{"taxonomy":"product_tag","embeddable":true,"href":"https:\/\/sscb-stembiotech.ch\/de\/wp-json\/wp\/v2\/product_tag?post=18961"}],"curies":[{"name":"wp","href":"https:\/\/api.w.org\/{rel}","templated":true}]}}