{"id":18976,"date":"2022-06-17T08:59:12","date_gmt":"2022-06-17T08:59:12","guid":{"rendered":"https:\/\/swiss-stem-cells-science.ch\/product\/mybabycells-complete-twins-25-years-blood-and-tissue\/"},"modified":"2024-11-19T14:10:18","modified_gmt":"2024-11-19T14:10:18","slug":"mybabycells-complete-zwillinge","status":"publish","type":"product","link":"https:\/\/sscb-stembiotech.ch\/de\/produkt\/mybabycells-complete-zwillinge\/","title":{"rendered":"Complete Zwillinge"},"content":{"rendered":"","protected":false},"excerpt":{"rendered":"<p><span data-sheets-root=\"1\" data-sheets-value=\"{&quot;1&quot;:2,&quot;2&quot;:&quot;MyBabyCells Complete ist ein Dienst zur Kryokonservierung von Nabelschnurstammzellen f\u00fcr 25 Jahre und bietet eine zuk\u00fcnftige therapeutische Option f\u00fcr das Kind und die Familie. Der Prozess, durchgef\u00fchrt von Experten mit fortschrittlicher und zertifizierter Technologie, umfasst die Verarbeitung und sichere Lagerung von Nabelschnurblut-Stammzellen und Nabelschnurgewebe. Es ist eine proaktive Wahl f\u00fcr langfristige Gesundheit.&quot;}\" data-sheets-userformat=\"{&quot;2&quot;:6913,&quot;3&quot;:{&quot;1&quot;:0},&quot;11&quot;:4,&quot;12&quot;:0,&quot;14&quot;:{&quot;1&quot;:2,&quot;2&quot;:0},&quot;15&quot;:&quot;&quot;Arial&quot;&quot;}\">MyBabyCells Complete ist ein Dienst zur Kryokonservierung von Nabelschnurstammzellen f\u00fcr <strong>25 Jahre und bietet eine zuk\u00fcnftige therapeutische Option f\u00fcr das Kind und die Familie<\/strong>.<\/span><\/p>\n<p><span data-sheets-root=\"1\" data-sheets-value=\"{&quot;1&quot;:2,&quot;2&quot;:&quot;MyBabyCells Complete ist ein Dienst zur Kryokonservierung von Nabelschnurstammzellen f\u00fcr 25 Jahre und bietet eine zuk\u00fcnftige therapeutische Option f\u00fcr das Kind und die Familie. Der Prozess, durchgef\u00fchrt von Experten mit fortschrittlicher und zertifizierter Technologie, umfasst die Verarbeitung und sichere Lagerung von Nabelschnurblut-Stammzellen und Nabelschnurgewebe. Es ist eine proaktive Wahl f\u00fcr langfristige Gesundheit.&quot;}\" data-sheets-userformat=\"{&quot;2&quot;:6913,&quot;3&quot;:{&quot;1&quot;:0},&quot;11&quot;:4,&quot;12&quot;:0,&quot;14&quot;:{&quot;1&quot;:2,&quot;2&quot;:0},&quot;15&quot;:&quot;&quot;Arial&quot;&quot;}\">Der Prozess, durchgef\u00fchrt von Experten mit fortschrittlicher und zertifizierter Technologie, umfasst die Verarbeitung und sichere Lagerung von Nabelschnurblut-Stammzellen und Nabelschnurgewebe. Es ist eine proaktive Wahl f\u00fcr langfristige Gesundheit.<\/span><\/p>\n","protected":false},"featured_media":32112,"template":"","meta":{"rank_math_lock_modified_date":false},"product_cat":[93],"product_tag":[],"class_list":{"0":"post-18976","1":"product","2":"type-product","3":"status-publish","4":"has-post-thumbnail","6":"product_cat-mybabycells-twins-de","7":"tm-has-options","9":"first","10":"instock","11":"shipping-taxable","12":"purchasable","13":"product-type-variable"},"_links":{"self":[{"href":"https:\/\/sscb-stembiotech.ch\/de\/wp-json\/wp\/v2\/product\/18976"}],"collection":[{"href":"https:\/\/sscb-stembiotech.ch\/de\/wp-json\/wp\/v2\/product"}],"about":[{"href":"https:\/\/sscb-stembiotech.ch\/de\/wp-json\/wp\/v2\/types\/product"}],"wp:featuredmedia":[{"embeddable":true,"href":"https:\/\/sscb-stembiotech.ch\/de\/wp-json\/wp\/v2\/media\/32112"}],"wp:attachment":[{"href":"https:\/\/sscb-stembiotech.ch\/de\/wp-json\/wp\/v2\/media?parent=18976"}],"wp:term":[{"taxonomy":"product_cat","embeddable":true,"href":"https:\/\/sscb-stembiotech.ch\/de\/wp-json\/wp\/v2\/product_cat?post=18976"},{"taxonomy":"product_tag","embeddable":true,"href":"https:\/\/sscb-stembiotech.ch\/de\/wp-json\/wp\/v2\/product_tag?post=18976"}],"curies":[{"name":"wp","href":"https:\/\/api.w.org\/{rel}","templated":true}]}}