{"id":28455,"date":"2023-11-28T10:07:24","date_gmt":"2023-11-28T10:07:24","guid":{"rendered":"https:\/\/sscb-stembiotech.ch\/?post_type=product&#038;p=28455"},"modified":"2025-02-11T11:31:11","modified_gmt":"2025-02-11T11:31:11","slug":"exklusives-bundle-mybabycells-premium","status":"publish","type":"product","link":"https:\/\/sscb-stembiotech.ch\/de\/produkt\/exklusives-bundle-mybabycells-premium\/","title":{"rendered":"Premium"},"content":{"rendered":"","protected":false},"excerpt":{"rendered":"<p>MyBabyCells PREMIUM ist ein Dienst zur Aufbewahrung von Nabelschnurstammzellen f\u00fcr <strong>35 Jahre und stellt eine zuk\u00fcnftige therapeutische Option f\u00fcr das Kind und die Familie sicher<\/strong>.<\/p>\n<p>Der Prozess, durchgef\u00fchrt von Experten mit fortschrittlicher und zertifizierter Technologie, umfasst die Verarbeitung und sichere Lagerung von Nabelschnurblut-Stammzellen und Nabelschnurgewebe, das MyBabyCells Protection-Programm, zus\u00e4tzliche 10 Jahre Kryokonservierung und die Aufbewahrung einer DNA-Probe von Mutter und Baby.<\/p>\n","protected":false},"featured_media":32116,"template":"","meta":{"rank_math_lock_modified_date":false},"product_cat":[153],"product_tag":[],"class_list":{"0":"post-28455","1":"product","2":"type-product","3":"status-publish","4":"has-post-thumbnail","6":"product_cat-bundle-de","7":"tm-has-options","9":"first","10":"instock","11":"shipping-taxable","12":"purchasable","13":"product-type-simple"},"_links":{"self":[{"href":"https:\/\/sscb-stembiotech.ch\/de\/wp-json\/wp\/v2\/product\/28455"}],"collection":[{"href":"https:\/\/sscb-stembiotech.ch\/de\/wp-json\/wp\/v2\/product"}],"about":[{"href":"https:\/\/sscb-stembiotech.ch\/de\/wp-json\/wp\/v2\/types\/product"}],"wp:featuredmedia":[{"embeddable":true,"href":"https:\/\/sscb-stembiotech.ch\/de\/wp-json\/wp\/v2\/media\/32116"}],"wp:attachment":[{"href":"https:\/\/sscb-stembiotech.ch\/de\/wp-json\/wp\/v2\/media?parent=28455"}],"wp:term":[{"taxonomy":"product_cat","embeddable":true,"href":"https:\/\/sscb-stembiotech.ch\/de\/wp-json\/wp\/v2\/product_cat?post=28455"},{"taxonomy":"product_tag","embeddable":true,"href":"https:\/\/sscb-stembiotech.ch\/de\/wp-json\/wp\/v2\/product_tag?post=28455"}],"curies":[{"name":"wp","href":"https:\/\/api.w.org\/{rel}","templated":true}]}}