{"id":19010,"date":"2022-06-22T09:40:01","date_gmt":"2022-06-22T09:40:01","guid":{"rendered":"https:\/\/swiss-stem-cells-science.ch\/general-terms-and-conditions-of-use\/"},"modified":"2024-10-31T09:42:04","modified_gmt":"2024-10-31T09:42:04","slug":"conditions-generales-dutilisation","status":"publish","type":"page","link":"https:\/\/sscb-stembiotech.ch\/fr\/conditions-generales-dutilisation\/","title":{"rendered":"Conditions g\u00e9n\u00e9rales d\u2019Utilisation"},"content":{"rendered":"\t\t<div data-elementor-type=\"wp-page\" data-elementor-id=\"19010\" class=\"elementor elementor-19010\" data-elementor-post-type=\"page\">\n\t\t\t\t\t\t<section class=\"elementor-section elementor-top-section elementor-element elementor-element-7152c1e elementor-section-full_width elementor-section-height-default elementor-section-height-default\" data-id=\"7152c1e\" data-element_type=\"section\" data-settings=\"{&quot;jet_parallax_layout_list&quot;:[]}\">\n\t\t\t\t\t\t<div class=\"elementor-container elementor-column-gap-default\">\n\t\t\t\t\t<div class=\"elementor-column elementor-col-100 elementor-top-column elementor-element elementor-element-b8703d9\" data-id=\"b8703d9\" data-element_type=\"column\" data-settings=\"{&quot;background_background&quot;:&quot;classic&quot;}\">\n\t\t\t<div class=\"elementor-widget-wrap elementor-element-populated\">\n\t\t\t\t\t\t<section class=\"elementor-section elementor-inner-section elementor-element elementor-element-511969e elementor-section-boxed elementor-section-height-default elementor-section-height-default\" data-id=\"511969e\" data-element_type=\"section\" data-settings=\"{&quot;jet_parallax_layout_list&quot;:[]}\">\n\t\t\t\t\t\t<div class=\"elementor-container elementor-column-gap-default\">\n\t\t\t\t\t<div class=\"elementor-column elementor-col-100 elementor-inner-column elementor-element elementor-element-1f37702\" data-id=\"1f37702\" data-element_type=\"column\">\n\t\t\t<div class=\"elementor-widget-wrap elementor-element-populated\">\n\t\t\t\t\t\t<div class=\"elementor-element elementor-element-45e2f86 elementor-widget elementor-widget-heading\" data-id=\"45e2f86\" data-element_type=\"widget\" data-widget_type=\"heading.default\">\n\t\t\t\t<div class=\"elementor-widget-container\">\n\t\t\t<h2 class=\"elementor-heading-title elementor-size-default\">Conditions g\u00e9n\u00e9rales d\u2019Utilisation<\/h2>\t\t<\/div>\n\t\t\t\t<\/div>\n\t\t\t\t\t<\/div>\n\t\t<\/div>\n\t\t\t\t\t<\/div>\n\t\t<\/section>\n\t\t\t\t<section class=\"elementor-section elementor-inner-section elementor-element elementor-element-0d87d7f elementor-section-boxed elementor-section-height-default elementor-section-height-default\" data-id=\"0d87d7f\" data-element_type=\"section\" data-settings=\"{&quot;jet_parallax_layout_list&quot;:[]}\">\n\t\t\t\t\t\t<div class=\"elementor-container elementor-column-gap-default\">\n\t\t\t\t\t<div class=\"elementor-column elementor-col-50 elementor-inner-column elementor-element elementor-element-1423db6\" data-id=\"1423db6\" data-element_type=\"column\">\n\t\t\t<div class=\"elementor-widget-wrap elementor-element-populated\">\n\t\t\t\t\t\t<div class=\"elementor-element elementor-element-c699d12 elementor-widget elementor-widget-text-editor\" data-id=\"c699d12\" data-element_type=\"widget\" data-widget_type=\"text-editor.default\">\n\t\t\t\t<div class=\"elementor-widget-container\">\n\t\t\t\t\t\t\t<p><strong>Article 1: Direction de publication<\/strong><\/p><p>Le site internet www.swiss-stem-cells-science.ch (ci-apr\u00e8s le \u00ab Site \u00bb) est \u00e9dit\u00e9 par la soci\u00e9t\u00e9 :<\/p><p>Swiss Stem Cell Science SA (ci-apr\u00e8s \u00ab\u00a0SSCS\u00a0\u00bb)<\/p><p>Rue Georges-Jordil 4, 1700 Fribourg<\/p><p>CH-1700 Fribourg<\/p><p><strong>Article 2: Acceptation et modification des Conditions d\u2019Utilisation<\/strong><\/p><p>L\u2019acc\u00e8s et l\u2019utilisation du Site est r\u00e9gi par les pr\u00e9sentes Conditions d\u2019Utilisation. Par votre acc\u00e8s sur le Site, vous reconnaissez que vous avez lu, compris et approuv\u00e9 sans r\u00e9serve les Conditions d\u2019Utilisation. Nous nous r\u00e9servons le droit avec ou sans pr\u00e9avis de modifier nos Conditions d\u2019Utilisation, c\u2019est pourquoi nous vous invitons \u00e0 les consulter r\u00e9guli\u00e8<\/p>\t\t\t\t\t\t<\/div>\n\t\t\t\t<\/div>\n\t\t\t\t\t<\/div>\n\t\t<\/div>\n\t\t\t\t<div class=\"elementor-column elementor-col-50 elementor-inner-column elementor-element elementor-element-86df680\" data-id=\"86df680\" data-element_type=\"column\">\n\t\t\t<div class=\"elementor-widget-wrap elementor-element-populated\">\n\t\t\t\t\t\t<div class=\"elementor-element elementor-element-b90c67f elementor-widget elementor-widget-image\" data-id=\"b90c67f\" data-element_type=\"widget\" data-widget_type=\"image.default\">\n\t\t\t\t<div class=\"elementor-widget-container\">\n\t\t\t\t\t\t\t\t\t\t\t\t\t<img fetchpriority=\"high\" decoding=\"async\" width=\"800\" height=\"542\" src=\"https:\/\/sscb-stembiotech.ch\/wp-content\/uploads\/2022\/10\/nescens-mentions-legales.jpeg\" class=\"attachment-large size-large wp-image-17003\" alt=\"\" srcset=\"https:\/\/sscb-stembiotech.ch\/wp-content\/uploads\/2022\/10\/nescens-mentions-legales.jpeg 960w, https:\/\/sscb-stembiotech.ch\/wp-content\/uploads\/2022\/10\/nescens-mentions-legales-300x203.jpeg 300w, https:\/\/sscb-stembiotech.ch\/wp-content\/uploads\/2022\/10\/nescens-mentions-legales-768x520.jpeg 768w, https:\/\/sscb-stembiotech.ch\/wp-content\/uploads\/2022\/10\/nescens-mentions-legales-600x406.jpeg 600w\" sizes=\"(max-width: 800px) 100vw, 800px\" \/>\t\t\t\t\t\t\t\t\t\t\t\t\t<\/div>\n\t\t\t\t<\/div>\n\t\t\t\t\t<\/div>\n\t\t<\/div>\n\t\t\t\t\t<\/div>\n\t\t<\/section>\n\t\t\t\t<section class=\"elementor-section elementor-inner-section elementor-element elementor-element-20157e6 elementor-section-boxed elementor-section-height-default elementor-section-height-default\" data-id=\"20157e6\" data-element_type=\"section\" data-settings=\"{&quot;jet_parallax_layout_list&quot;:[]}\">\n\t\t\t\t\t\t<div class=\"elementor-container elementor-column-gap-default\">\n\t\t\t\t\t<div class=\"elementor-column elementor-col-100 elementor-inner-column elementor-element elementor-element-0c0fca3\" data-id=\"0c0fca3\" data-element_type=\"column\">\n\t\t\t<div class=\"elementor-widget-wrap elementor-element-populated\">\n\t\t\t\t\t\t<div class=\"elementor-element elementor-element-f673a95 elementor-widget elementor-widget-text-editor\" data-id=\"f673a95\" data-element_type=\"widget\" data-widget_type=\"text-editor.default\">\n\t\t\t\t<div class=\"elementor-widget-container\">\n\t\t\t\t\t\t\t<p><strong>Article 3: Copyright et propri\u00e9t\u00e9 intellectuelle<\/strong><\/p><p>Tout le contenu du Site et notamment les textes, marques, graphisme, logos, photographies, vid\u00e9os, sons, designs, savoir-faire, technologies, produits sont la propri\u00e9t\u00e9 de SSCS ou des soci\u00e9t\u00e9s affili\u00e9es, partenaires, fabricants, ou sont utilis\u00e9s avec l\u2019autorisation de leur propri\u00e9taire et, \u00e0 ce titre, sont prot\u00e9g\u00e9s par leurs droits d\u2019auteurs, marques, brevet et tout autre droit de propri\u00e9t\u00e9 intellectuelle ou industrielle qui leur sont reconnus selon les lois en vigueur.<\/p><p>Except\u00e9 ce qui est pr\u00e9vu dans l\u2019Article 4 ci-apr\u00e8s, la consultation ou l\u2019utilisation du Site ne conf\u00e8re aucun droit, et aucun \u00e9l\u00e9ment du Site ne peut \u00eatre interpr\u00e9t\u00e9 comme accordant une licence ou un droit d\u2019usage d\u2019un \u00e9l\u00e9ment pr\u00e9sent\u00e9 sur celui-ci.<\/p><p><strong>Article 4: Utilisation du contenu du Site<\/strong><\/p><p>Nous vous accordons la possibilit\u00e9 de t\u00e9l\u00e9charger, pr\u00e9senter ou imprimer le contenu du Site uniquement pour un usage priv\u00e9, non-commercial et en m\u00e9morisant et reproduisant tout avis de copyright ou tout autre avis de propri\u00e9t\u00e9 intellectuelle inclus dans l\u2019information ou tout autre mat\u00e9riel que vous t\u00e9l\u00e9chargez.<\/p><p>Il est formellement interdit, sans l\u2019accord pr\u00e9alable \u00e9crit de SSCS de reproduire, utiliser, modifier distribuer, transmettre, diffuser les \u00e9l\u00e9ments du Site, de fa\u00e7on partielle ou totale.<\/p><p><strong>Article 5: Absence de garantie et exclusion de responsabilit\u00e9<\/strong><\/p><p>Tout mat\u00e9riel ou information que vous trouverez sur le Site sont fournis en fonction de leur disponibilit\u00e9 et sans garantie, explicite ou implicite, y compris entre autres, la garantie implicite de commercialit\u00e9 ou d\u2019ad\u00e9quation a un objet particulier. Nous ne garantissons en particulier pas que notre Site r\u00e9ponde \u00e0 vos attentes, qu\u2019il soit ininterrompu, opportun, sur, complet, ou exempt de toute inexactitude ou erreur.<\/p><p>Vous reconnaissez et acceptez que, dans toute la mesure admise par la r\u00e8glementation applicable, SSCS, ses soci\u00e9t\u00e9s affili\u00e9es ou les soci\u00e9t\u00e9s qui ont particip\u00e9 \u00e0 la cr\u00e9ation, a la production ou la livraison du Site, ne pourront \u00eatre tenus pour responsables des dommages directs, indirects, fortuits, ou de la r\u00e9paration d\u2019un pr\u00e9judice moral, de couts, de pertes de quelque nature que ce soit, pouvant survenir lors de l\u2019utilisation ou au contraire de l\u2019impossibilit\u00e9 d\u2019utiliser le Site ou son contenu.<\/p><p>Vous reconnaissez \u00e9galement que SSCS et ses soci\u00e9t\u00e9s affili\u00e9es ne seront pas responsables, en aucune circonstance, de toute interruption de service, de d\u00e9lais d\u2019acc\u00e8s ou d\u2019interruption d\u2019acc\u00e8s au Site, de non-livraison de donn\u00e9es, de livraison a une personne autre que le destinataire, de corruption, destruction ou autre modification, de pertes ou dommages en tout genre encourus \u00e0 la suite de transactions effectu\u00e9es avec ou en pr\u00e9sence de liens hors site sur le Site, de virus informatiques, vers informatiques, chevaux de Troie ou autres codes informatiques malveillants, panne du syst\u00e8me ou mauvais fonctionnement qui pourraient survenir en relation avec votre utilisation du Site, y compris lors de l\u2019utilisation de liens hypertextes vers ou \u00e0 partir de sites web tiers, ou d\u2019\u00e9v\u00e8nements au-del\u00e0 de notre contr\u00f4le raisonnable.<\/p><p>Nous nous r\u00e9servons le droit d\u2019interrompre ou de suspendre toutes ou certaines des fonctions du Site \u00e0 tout moment et n\u2019acceptons aucune responsabilit\u00e9 de quelque nature que ce soit pour lesdites interruptions ou suspensions.<\/p><p>SSCS n\u2019assume aucune responsabilit\u00e9 concernant l\u2019exactitude, l\u2019exhaustivit\u00e9 et l\u2019actualit\u00e9 du contenu du Site, et n\u2019a aucune obligation de mise \u00e0 jour. Nous nous r\u00e9servons le droit, sans en avoir toutefois l\u2019obligation, de modifier, de corriger ou d\u2019am\u00e9liorer le contenu du Site \u00e0 tout moment et sans pr\u00e9avis.<\/p><p>Les informations m\u00e9dicales figurent sur notre site \u00e0 titre informatif uniquement et ne doivent pas \u00eatre consid\u00e9r\u00e9e comme un conseil ou une consultation m\u00e9dicale, un appel \u00e0 l\u2019auto-m\u00e9dication ou \u00e0 une th\u00e9rapie. Elles ne se substituent en aucune fa\u00e7on aux examens, th\u00e9rapies, conseils ou traitements des professionnels de la sant\u00e9. En aucun cas les informations disponibles sur le Site et la pr\u00e9sentation des services propos\u00e9s ne doivent \u00eatre utilis\u00e9es pour la formulation d\u2019un diagnostic, la d\u00e9termination d\u2019un traitement ou d\u2019une intervention, la prise et\/ou la cessation de la prise de m\u00e9dicament sans consulter pr\u00e9alablement un m\u00e9decin.<\/p><p><strong>Article 6: Information consid\u00e9r\u00e9e comme non-confidentielle<\/strong><\/p><p>Toutes les donn\u00e9es et les informations susceptibles de vous identifier personnellement que vous transmettez via Internet \u00e0 notre Site par le formulaire \u00ab\u00a0contact\u00a0\u00bb, sont prot\u00e9g\u00e9es et trait\u00e9es selon notre Politique de Confidentialit\u00e9. Nous vous recommandons de lire attentivement notre Politique de Confidentialit\u00e9 avant de nous remettre vos donn\u00e9es et informations susceptibles de vous identifier.<\/p><p>Toute autre information ou mat\u00e9riel que vous transmettrez via Internet \u00e0 SSCS, de quelque mani\u00e8re que ce soit ne sera pas trait\u00e9 comme \u00e9tant confidentiel ou propri\u00e9taire. Nous nous r\u00e9servons le droit d\u2019utiliser sans restrictions, dans n\u2019importe quel but toute transmission re\u00e7ue. Toute utilisation d\u2019une telle information vous nous communiquez restera sans r\u00e9mun\u00e9ration pour vous-m\u00eame ou pour un tiers.<\/p><p>Lorsque vous transmettez des informations, vous garantissez que le contenu ou le mat\u00e9riel transmis est votre propri\u00e9t\u00e9, qu\u2019il peut \u00eatre librement transmis, qu\u2019il n\u2019est pas diffamatoire, insultant, contraire aux m\u0153urs, et ne viole d\u2019aucune fa\u00e7on une r\u00e8glementation applicable, et que son utilisation par SSCS ne violera aucun droit de tiers et aucune r\u00e8glementation applicable.<\/p><p><strong>Article 7: Liens<\/strong><\/p><p>Le Site peut contenir des liens hypertextes vers d\u2019autres sites web qui ne sont ni exploit\u00e9s ni contr\u00f4l\u00e9s par SSCS. Nous ne pouvons pas \u00eatre tenu pour responsable du contenu de ces sites, ni des pratiques de protection des donn\u00e9es qui y sont appliqu\u00e9es. Nous vous encourageons vivement \u00e0 prendre connaissance des politiques de confidentialit\u00e9 de ces autres sites.<\/p><p>Toute cr\u00e9ation d\u2019un lien hypertexte avec le Site est formellement interdite sans accord pr\u00e9alable \u00e9crit de SSCS.<\/p><p><strong>Article 8: Utilisation de Cookies<\/strong><\/p><p>Le Site utilise des \u00ab\u00a0cookies\u00a0\u00bb. Les cookies sont des fichiers enregistr\u00e9s sur le disque dur de votre ordinateur, qui enregistrent des informations relatives \u00e0 la navigation sur le Site, que SSCS pourra lire lors de vos prochaines visites.<\/p><p><strong>Article 9: Divers<\/strong><\/p><p>Les pr\u00e9sentes Conditions d\u2019Utilisation constituent la totalit\u00e9 de l\u2019accord pass\u00e9 entre SSCS et l\u2019utilisateur pour ce qui concerne l\u2019acc\u00e8s, la consultation et l\u2019utilisation du Site et de son contenu. Les autres dispositions \u00e9mises par SSCS, notamment les Conditions G\u00e9n\u00e9rales et la Politique de Confidentialit\u00e9, demeurent en outre applicables.<\/p><p><strong>Article 10: Droit applicable et for<\/strong><\/p><p>Les pr\u00e9sentes Conditions d\u2019Utilisation et l\u2019utilisation du Site sont soumises au droit interne suisse. Tout litige en relation avec l\u2019utilisation du Site est soumis \u00e0 la comp\u00e9tence exclusive du tribunal comp\u00e9tent \u00e0 Fribourg, Suisse.<\/p><p><strong>\u00a0<\/strong><\/p><p><strong>Copyright (c) SSCS SA \u2013 2017<\/strong><\/p>\t\t\t\t\t\t<\/div>\n\t\t\t\t<\/div>\n\t\t\t\t\t<\/div>\n\t\t<\/div>\n\t\t\t\t\t<\/div>\n\t\t<\/section>\n\t\t\t\t\t<\/div>\n\t\t<\/div>\n\t\t\t\t\t<\/div>\n\t\t<\/section>\n\t\t\t\t<\/div>\n\t\t","protected":false},"excerpt":{"rendered":"<p>Conditions g\u00e9n\u00e9rales d\u2019Utilisation Article 1: Direction de publication Le site internet www.swiss-stem-cells-science.ch (ci-apr\u00e8s le \u00ab Site \u00bb) est \u00e9dit\u00e9 par la soci\u00e9t\u00e9 : Swiss Stem Cell Science SA (ci-apr\u00e8s \u00ab\u00a0SSCS\u00a0\u00bb) Rue Georges-Jordil 4, 1700 Fribourg CH-1700 Fribourg Article 2: Acceptation et modification des Conditions d\u2019Utilisation L\u2019acc\u00e8s et l\u2019utilisation du Site est r\u00e9gi par les pr\u00e9sentes [&hellip;]<\/p>\n","protected":false},"author":2,"featured_media":0,"parent":0,"menu_order":0,"comment_status":"closed","ping_status":"closed","template":"elementor_header_footer","meta":{"rank_math_lock_modified_date":false,"footnotes":""},"class_list":["post-19010","page","type-page","status-publish","hentry"],"_links":{"self":[{"href":"https:\/\/sscb-stembiotech.ch\/fr\/wp-json\/wp\/v2\/pages\/19010"}],"collection":[{"href":"https:\/\/sscb-stembiotech.ch\/fr\/wp-json\/wp\/v2\/pages"}],"about":[{"href":"https:\/\/sscb-stembiotech.ch\/fr\/wp-json\/wp\/v2\/types\/page"}],"author":[{"embeddable":true,"href":"https:\/\/sscb-stembiotech.ch\/fr\/wp-json\/wp\/v2\/users\/2"}],"replies":[{"embeddable":true,"href":"https:\/\/sscb-stembiotech.ch\/fr\/wp-json\/wp\/v2\/comments?post=19010"}],"version-history":[{"count":1,"href":"https:\/\/sscb-stembiotech.ch\/fr\/wp-json\/wp\/v2\/pages\/19010\/revisions"}],"predecessor-version":[{"id":34991,"href":"https:\/\/sscb-stembiotech.ch\/fr\/wp-json\/wp\/v2\/pages\/19010\/revisions\/34991"}],"wp:attachment":[{"href":"https:\/\/sscb-stembiotech.ch\/fr\/wp-json\/wp\/v2\/media?parent=19010"}],"curies":[{"name":"wp","href":"https:\/\/api.w.org\/{rel}","templated":true}]}}