{"id":31665,"date":"2024-01-20T07:59:51","date_gmt":"2024-01-20T07:59:51","guid":{"rendered":"https:\/\/sscb-stembiotech.ch\/conseil\/"},"modified":"2024-03-11T13:32:36","modified_gmt":"2024-03-11T13:32:36","slug":"conseil","status":"publish","type":"page","link":"https:\/\/sscb-stembiotech.ch\/fr\/conseil\/","title":{"rendered":"Conseil"},"content":{"rendered":"\t\t<div data-elementor-type=\"wp-page\" data-elementor-id=\"31665\" class=\"elementor elementor-31665 elementor-31159\" data-elementor-post-type=\"page\">\n\t\t\t\t<div class=\"elementor-element elementor-element-274b782 e-flex e-con-boxed e-con e-parent\" data-id=\"274b782\" data-element_type=\"container\" data-settings=\"{&quot;background_background&quot;:&quot;gradient&quot;,&quot;jet_parallax_layout_list&quot;:[]}\">\n\t\t\t\t\t<div class=\"e-con-inner\">\n\t\t\t\t<div class=\"elementor-element elementor-element-315692c elementor-widget__width-initial elementor-widget elementor-widget-heading\" data-id=\"315692c\" data-element_type=\"widget\" data-widget_type=\"heading.default\">\n\t\t\t\t<div class=\"elementor-widget-container\">\n\t\t\t<h1 class=\"elementor-heading-title elementor-size-default\">Services du SSCB, <br>conseils sp\u00e9cialis\u00e9s.<\/h1>\t\t<\/div>\n\t\t\t\t<\/div>\n\t\t\t\t\t<\/div>\n\t\t\t\t<\/div>\n\t\t<div class=\"elementor-element elementor-element-a54e74b e-flex e-con-boxed e-con e-parent\" data-id=\"a54e74b\" data-element_type=\"container\" data-settings=\"{&quot;jet_parallax_layout_list&quot;:[]}\">\n\t\t\t\t\t<div class=\"e-con-inner\">\n\t\t<div class=\"elementor-element elementor-element-58ce297 e-con-full e-flex e-con e-child\" data-id=\"58ce297\" data-element_type=\"container\" data-settings=\"{&quot;jet_parallax_layout_list&quot;:[]}\">\n\t\t\t\t<div class=\"elementor-element elementor-element-5943574 elementor-widget elementor-widget-image\" data-id=\"5943574\" data-element_type=\"widget\" data-widget_type=\"image.default\">\n\t\t\t\t<div class=\"elementor-widget-container\">\n\t\t\t\t\t\t\t\t\t\t\t\t\t<img fetchpriority=\"high\" decoding=\"async\" width=\"800\" height=\"800\" src=\"https:\/\/sscb-stembiotech.ch\/wp-content\/uploads\/2024\/01\/medical-scientist-working-with-dna-1024x1024.webp\" class=\"attachment-large size-large wp-image-30816\" alt=\"\" srcset=\"https:\/\/sscb-stembiotech.ch\/wp-content\/uploads\/2024\/01\/medical-scientist-working-with-dna-1024x1024.webp 1024w, https:\/\/sscb-stembiotech.ch\/wp-content\/uploads\/2024\/01\/medical-scientist-working-with-dna-300x300.webp 300w, https:\/\/sscb-stembiotech.ch\/wp-content\/uploads\/2024\/01\/medical-scientist-working-with-dna-150x150.webp 150w, https:\/\/sscb-stembiotech.ch\/wp-content\/uploads\/2024\/01\/medical-scientist-working-with-dna-768x768.webp 768w, https:\/\/sscb-stembiotech.ch\/wp-content\/uploads\/2024\/01\/medical-scientist-working-with-dna-700x700.webp 700w, https:\/\/sscb-stembiotech.ch\/wp-content\/uploads\/2024\/01\/medical-scientist-working-with-dna-600x600.webp 600w, https:\/\/sscb-stembiotech.ch\/wp-content\/uploads\/2024\/01\/medical-scientist-working-with-dna-100x100.webp 100w, https:\/\/sscb-stembiotech.ch\/wp-content\/uploads\/2024\/01\/medical-scientist-working-with-dna.webp 1200w\" sizes=\"(max-width: 800px) 100vw, 800px\" \/>\t\t\t\t\t\t\t\t\t\t\t\t\t<\/div>\n\t\t\t\t<\/div>\n\t\t\t\t<\/div>\n\t\t<div class=\"elementor-element elementor-element-3b5d9c7 e-con-full e-flex e-con e-child\" data-id=\"3b5d9c7\" data-element_type=\"container\" data-settings=\"{&quot;jet_parallax_layout_list&quot;:[]}\">\n\t\t\t\t<div class=\"elementor-element elementor-element-7e3cd25 elementor-widget elementor-widget-text-editor\" data-id=\"7e3cd25\" data-element_type=\"widget\" data-widget_type=\"text-editor.default\">\n\t\t\t\t<div class=\"elementor-widget-container\">\n\t\t\t\t\t\t\t<p>Le SSCB offre une large gamme de services sp\u00e9cialis\u00e9s \u00e0 ses partenaires et entreprises.<\/p>\n\t\t\t\t\t\t<\/div>\n\t\t\t\t<\/div>\n\t\t\t\t<div class=\"elementor-element elementor-element-ce953a6 elementor-widget elementor-widget-heading\" data-id=\"ce953a6\" data-element_type=\"widget\" data-widget_type=\"heading.default\">\n\t\t\t\t<div class=\"elementor-widget-container\">\n\t\t\t<h3 class=\"elementor-heading-title elementor-size-default\">Services pour les partenaires B2B<\/h3>\t\t<\/div>\n\t\t\t\t<\/div>\n\t\t\t\t<div class=\"elementor-element elementor-element-4f441d8 elementor-widget elementor-widget-text-editor\" data-id=\"4f441d8\" data-element_type=\"widget\" data-widget_type=\"text-editor.default\">\n\t\t\t\t<div class=\"elementor-widget-container\">\n\t\t\t\t\t\t\t<ul>\n<li>Stockage de mat\u00e9riel biologique pour des tiers<\/li>\n<li>R\u00e9alisation de tests microbiologiques et d&rsquo;endotoxines sur les \u00e9chantillons finaux<\/li>\n<li>Analyse cytofluorim\u00e9trique de la num\u00e9ration et de la d\u00e9tection des cellules souches<\/li>\n<li>Analyse de la num\u00e9ration et de la viabilit\u00e9 des cellules<\/li>\n<li>V\u00e9rification du dosage des \u00e9chantillons de lipoaspirats<\/li>\n<\/ul>\n\t\t\t\t\t\t<\/div>\n\t\t\t\t<\/div>\n\t\t\t\t<div class=\"elementor-element elementor-element-b186e26 elementor-widget elementor-widget-heading\" data-id=\"b186e26\" data-element_type=\"widget\" data-widget_type=\"heading.default\">\n\t\t\t\t<div class=\"elementor-widget-container\">\n\t\t\t<h3 class=\"elementor-heading-title elementor-size-default\">Services de conseil<\/h3>\t\t<\/div>\n\t\t\t\t<\/div>\n\t\t\t\t<div class=\"elementor-element elementor-element-38b20b8 elementor-widget elementor-widget-text-editor\" data-id=\"38b20b8\" data-element_type=\"widget\" data-widget_type=\"text-editor.default\">\n\t\t\t\t<div class=\"elementor-widget-container\">\n\t\t\t\t\t\t\t<ul>\n<li>Services de conseil dans le respect des BPF, du PIB et des directives FACT Netcord GDP et les lignes directrices de FACT Netcord<\/li>\n<li>Consultation pour la production de m\u00e9dicaments de th\u00e9rapie avanc\u00e9e (ATMP) dans un environnement aseptique<\/li>\n<li>Consultation pour l&rsquo;\u00e9valuation des risques li\u00e9s \u00e0 la production d&rsquo;ATMP<\/li>\n<li>Consultation pour les m\u00e9dicaments exp\u00e9rimentaux (IMPD) li\u00e9s \u00e0 la production d&rsquo;ATMP<\/li>\n<li>Autres services de consultation li\u00e9s aux biobanques et aux laboratoires de contr\u00f4le de la qualit\u00e9<\/li>\n<li>\u00c9valuation des protocoles pr\u00e9cliniques dans le domaine des ATMP<\/li>\n<li>Formation du personnel externe<\/li>\n<\/ul>\n\t\t\t\t\t\t<\/div>\n\t\t\t\t<\/div>\n\t\t\t\t<div class=\"elementor-element elementor-element-09b97dc elementor-widget elementor-widget-heading\" data-id=\"09b97dc\" data-element_type=\"widget\" data-widget_type=\"heading.default\">\n\t\t\t\t<div class=\"elementor-widget-container\">\n\t\t\t<h3 class=\"elementor-heading-title elementor-size-default\">Production pour des tiers<\/h3>\t\t<\/div>\n\t\t\t\t<\/div>\n\t\t\t\t<div class=\"elementor-element elementor-element-75eba03 elementor-widget elementor-widget-text-editor\" data-id=\"75eba03\" data-element_type=\"widget\" data-widget_type=\"text-editor.default\">\n\t\t\t\t<div class=\"elementor-widget-container\">\n\t\t\t\t\t\t\t<p>Conseil, d\u00e9veloppement, validation, homologation et production et stockage \u00e0 la vapeur d&rsquo;azote de produits d&rsquo;ing\u00e9nierie tissulaire et de produits biologiques avanc\u00e9s (Advance Therapy Medicinal Products) pour des tiers : Le service de production pour des tiers sp\u00e9cialis\u00e9 dans le conseil, le d\u00e9veloppement, la validation, l&rsquo;homologation et la production de produits d&rsquo;ing\u00e9nierie tissulaire et de produits biologiques avanc\u00e9s ATMP et la cryoconservation est une offre cruciale pour les organisations et les entreprises op\u00e9rant dans le secteur biom\u00e9dical et biotechnologique.<\/p>\n<p>Ce service offre une solution compl\u00e8te couvrant toutes les \u00e9tapes n\u00e9cessaires pour transformer un concept biotechnologique d&rsquo;une simple id\u00e9e \u00e0 un produit fini et pr\u00eat \u00e0 \u00eatre commercialis\u00e9. En proposant ce service, les entreprises peuvent compter sur un partenaire fiable pour g\u00e9rer l&rsquo;ensemble du processus de d\u00e9veloppement et de production, ce qui leur permet de se concentrer sur les strat\u00e9gies de march\u00e9 et la commercialisation des produits.<\/p>\n<p>Cette approche collaborative garantit que des produits biologiques sp\u00e9cifiques atteignent le march\u00e9 de mani\u00e8re efficace et rapide, r\u00e9pondant ainsi aux besoins des clients et des professionnels de l&rsquo;industrie.<\/p>\n\t\t\t\t\t\t<\/div>\n\t\t\t\t<\/div>\n\t\t\t\t<\/div>\n\t\t\t\t\t<\/div>\n\t\t\t\t<\/div>\n\t\t\t\t<\/div>\n\t\t","protected":false},"excerpt":{"rendered":"<p>Services du SSCB, conseils sp\u00e9cialis\u00e9s. Le SSCB offre une large gamme de services sp\u00e9cialis\u00e9s \u00e0 ses partenaires et entreprises. Services pour les partenaires B2B Stockage de mat\u00e9riel biologique pour des tiers R\u00e9alisation de tests microbiologiques et d&rsquo;endotoxines sur les \u00e9chantillons finaux Analyse cytofluorim\u00e9trique de la num\u00e9ration et de la d\u00e9tection des cellules souches Analyse de [&hellip;]<\/p>\n","protected":false},"author":13,"featured_media":0,"parent":0,"menu_order":0,"comment_status":"closed","ping_status":"closed","template":"","meta":{"rank_math_lock_modified_date":false,"footnotes":""},"class_list":["post-31665","page","type-page","status-publish","hentry"],"_links":{"self":[{"href":"https:\/\/sscb-stembiotech.ch\/fr\/wp-json\/wp\/v2\/pages\/31665"}],"collection":[{"href":"https:\/\/sscb-stembiotech.ch\/fr\/wp-json\/wp\/v2\/pages"}],"about":[{"href":"https:\/\/sscb-stembiotech.ch\/fr\/wp-json\/wp\/v2\/types\/page"}],"author":[{"embeddable":true,"href":"https:\/\/sscb-stembiotech.ch\/fr\/wp-json\/wp\/v2\/users\/13"}],"replies":[{"embeddable":true,"href":"https:\/\/sscb-stembiotech.ch\/fr\/wp-json\/wp\/v2\/comments?post=31665"}],"version-history":[{"count":0,"href":"https:\/\/sscb-stembiotech.ch\/fr\/wp-json\/wp\/v2\/pages\/31665\/revisions"}],"wp:attachment":[{"href":"https:\/\/sscb-stembiotech.ch\/fr\/wp-json\/wp\/v2\/media?parent=31665"}],"curies":[{"name":"wp","href":"https:\/\/api.w.org\/{rel}","templated":true}]}}