{"id":18966,"date":"2022-06-17T08:57:22","date_gmt":"2022-06-17T08:57:22","guid":{"rendered":"https:\/\/swiss-stem-cells-science.ch\/product\/mybabycells-basic-twins-25-years-blood-or-tissue\/"},"modified":"2024-11-19T14:09:49","modified_gmt":"2024-11-19T14:09:49","slug":"mybabycells-basic-jumeaux","status":"publish","type":"product","link":"https:\/\/sscb-stembiotech.ch\/fr\/produit\/mybabycells-basic-jumeaux\/","title":{"rendered":"Basic Jumeaux"},"content":{"rendered":"","protected":false},"excerpt":{"rendered":"<p>MyBabyCells Basic Jumeaux est un <strong>service de cryoconservation des cellules souches du cordon ombilical pendant 25 ans<\/strong>, offrant une option th\u00e9rapeutique future pour l&rsquo;enfant et la famille.<\/p>\n<p>Le processus, g\u00e9r\u00e9 par des experts avec une technologie avanc\u00e9e et certifi\u00e9e, comprend le traitement et le stockage en toute s\u00e9curit\u00e9 des cellules souches du sang du cordon ombilical ou du tissu du cordon ombilical. Il s&rsquo;agit d&rsquo;un choix proactif pour une sant\u00e9 \u00e0 long terme.<\/p>\n","protected":false},"featured_media":32107,"template":"","meta":{"rank_math_lock_modified_date":false},"product_cat":[94],"product_tag":[],"class_list":{"0":"post-18966","1":"product","2":"type-product","3":"status-publish","4":"has-post-thumbnail","6":"product_cat-mybabycells-twins-fr","7":"tm-has-options","9":"first","10":"instock","11":"shipping-taxable","12":"purchasable","13":"product-type-variable"},"_links":{"self":[{"href":"https:\/\/sscb-stembiotech.ch\/fr\/wp-json\/wp\/v2\/product\/18966"}],"collection":[{"href":"https:\/\/sscb-stembiotech.ch\/fr\/wp-json\/wp\/v2\/product"}],"about":[{"href":"https:\/\/sscb-stembiotech.ch\/fr\/wp-json\/wp\/v2\/types\/product"}],"wp:featuredmedia":[{"embeddable":true,"href":"https:\/\/sscb-stembiotech.ch\/fr\/wp-json\/wp\/v2\/media\/32107"}],"wp:attachment":[{"href":"https:\/\/sscb-stembiotech.ch\/fr\/wp-json\/wp\/v2\/media?parent=18966"}],"wp:term":[{"taxonomy":"product_cat","embeddable":true,"href":"https:\/\/sscb-stembiotech.ch\/fr\/wp-json\/wp\/v2\/product_cat?post=18966"},{"taxonomy":"product_tag","embeddable":true,"href":"https:\/\/sscb-stembiotech.ch\/fr\/wp-json\/wp\/v2\/product_tag?post=18966"}],"curies":[{"name":"wp","href":"https:\/\/api.w.org\/{rel}","templated":true}]}}