{"id":28454,"date":"2023-11-28T10:07:24","date_gmt":"2023-11-28T10:07:24","guid":{"rendered":"https:\/\/sscb-stembiotech.ch\/?post_type=product&#038;p=28454"},"modified":"2025-02-11T11:30:18","modified_gmt":"2025-02-11T11:30:18","slug":"offre-groupee-exclusive-plan-de-conservation-mybabycells-premium","status":"publish","type":"product","link":"https:\/\/sscb-stembiotech.ch\/fr\/produit\/offre-groupee-exclusive-plan-de-conservation-mybabycells-premium\/","title":{"rendered":"Premium"},"content":{"rendered":"","protected":false},"excerpt":{"rendered":"<p>MyBabyCells Premium est un <strong>service de conservation des cellules souches du cordon ombilical pendant 35 ans<\/strong>, garantissant une option th\u00e9rapeutique future pour l&rsquo;enfant et la famille.<\/p>\n<p>Le processus, g\u00e9r\u00e9 par des experts dot\u00e9s d&rsquo;une technologie avanc\u00e9e et certifi\u00e9e, comprend le traitement et le stockage en toute s\u00e9curit\u00e9 des cellules souches du sang et du tissu du cordon ombilical, le programme de protection MyBabyCells, une cryoconservation suppl\u00e9mentaire de 10 ans et la mise en banque de l&rsquo;ADN de la m\u00e8re et de l&rsquo;enfant.<\/p>\n","protected":false},"featured_media":32115,"template":"","meta":{"rank_math_lock_modified_date":false},"product_cat":[152],"product_tag":[],"class_list":{"0":"post-28454","1":"product","2":"type-product","3":"status-publish","4":"has-post-thumbnail","6":"product_cat-bundle-fr","7":"tm-has-options","9":"first","10":"instock","11":"shipping-taxable","12":"purchasable","13":"product-type-simple"},"_links":{"self":[{"href":"https:\/\/sscb-stembiotech.ch\/fr\/wp-json\/wp\/v2\/product\/28454"}],"collection":[{"href":"https:\/\/sscb-stembiotech.ch\/fr\/wp-json\/wp\/v2\/product"}],"about":[{"href":"https:\/\/sscb-stembiotech.ch\/fr\/wp-json\/wp\/v2\/types\/product"}],"wp:featuredmedia":[{"embeddable":true,"href":"https:\/\/sscb-stembiotech.ch\/fr\/wp-json\/wp\/v2\/media\/32115"}],"wp:attachment":[{"href":"https:\/\/sscb-stembiotech.ch\/fr\/wp-json\/wp\/v2\/media?parent=28454"}],"wp:term":[{"taxonomy":"product_cat","embeddable":true,"href":"https:\/\/sscb-stembiotech.ch\/fr\/wp-json\/wp\/v2\/product_cat?post=28454"},{"taxonomy":"product_tag","embeddable":true,"href":"https:\/\/sscb-stembiotech.ch\/fr\/wp-json\/wp\/v2\/product_tag?post=28454"}],"curies":[{"name":"wp","href":"https:\/\/api.w.org\/{rel}","templated":true}]}}